{"id":94,"date":"2025-02-23T17:56:08","date_gmt":"2025-02-23T16:56:08","guid":{"rendered":"http:\/\/pinoccp.cluster021.hosting.ovh.net\/?page_id=94"},"modified":"2025-02-23T18:21:35","modified_gmt":"2025-02-23T17:21:35","slug":"actu","status":"publish","type":"page","link":"https:\/\/pinocchio-et-cie.com\/?page_id=94","title":{"rendered":"Actu"},"content":{"rendered":"<ul class=\"wp-block-latest-posts__list has-dates article wp-block-latest-posts\"><li><div class=\"wp-block-latest-posts__featured-image alignleft\"><img loading=\"lazy\" decoding=\"async\" width=\"150\" height=\"150\" src=\"https:\/\/pinocchio-et-cie.com\/wp-content\/uploads\/2025\/09\/Affiche_Fil_2025_A4_V4-150x150.webp\" class=\"attachment-thumbnail size-thumbnail wp-post-image\" alt=\"\" style=\"max-height:90px;\" \/><\/div><a class=\"wp-block-latest-posts__post-title\" href=\"https:\/\/pinocchio-et-cie.com\/?p=436\">Le Festival des Imaginaires Ludique d&rsquo;Alen\u00e7on ouvre ses portes a partir du vendredi 26\/09\/2025<\/a><time datetime=\"2025-09-24T14:45:50+02:00\" class=\"wp-block-latest-posts__post-date\">24 septembre 2025<\/time><div class=\"wp-block-latest-posts__post-excerpt\">Le Festival des Imaginaires Ludiques d\u2019Alen\u00e7on ouvre ses portes \u00e0 partir du vendredi 26\/09\/2025<\/div><\/li>\n<li><div class=\"wp-block-latest-posts__featured-image alignleft\"><img loading=\"lazy\" decoding=\"async\" width=\"106\" height=\"150\" src=\"https:\/\/pinocchio-et-cie.com\/wp-content\/uploads\/2025\/08\/benevoles-site-3-pdf-106x150.jpg\" class=\"attachment-thumbnail size-thumbnail wp-post-image\" alt=\"\" style=\"max-height:90px;\" \/><\/div><a class=\"wp-block-latest-posts__post-title\" href=\"https:\/\/pinocchio-et-cie.com\/?p=416\">Le Festival des Imaginaires Ludiques (FIL) recherche ses b\u00e9n\u00e9voles !<\/a><time datetime=\"2025-08-15T11:51:07+02:00\" class=\"wp-block-latest-posts__post-date\">15 ao\u00fbt 2025<\/time><div class=\"wp-block-latest-posts__post-excerpt\"><\/div><\/li>\n<li><div class=\"wp-block-latest-posts__featured-image alignleft\"><img loading=\"lazy\" decoding=\"async\" width=\"150\" height=\"150\" src=\"https:\/\/pinocchio-et-cie.com\/wp-content\/uploads\/2025\/08\/vacances-ete-25-150x150.png\" class=\"attachment-thumbnail size-thumbnail wp-post-image\" alt=\"\" style=\"max-height:90px;\" srcset=\"https:\/\/pinocchio-et-cie.com\/wp-content\/uploads\/2025\/08\/vacances-ete-25-150x150.png 150w, https:\/\/pinocchio-et-cie.com\/wp-content\/uploads\/2025\/08\/vacances-ete-25-300x300.png 300w, https:\/\/pinocchio-et-cie.com\/wp-content\/uploads\/2025\/08\/vacances-ete-25-1024x1024.png 1024w, https:\/\/pinocchio-et-cie.com\/wp-content\/uploads\/2025\/08\/vacances-ete-25-768x768.png 768w, https:\/\/pinocchio-et-cie.com\/wp-content\/uploads\/2025\/08\/vacances-ete-25.png 1080w\" sizes=\"auto, (max-width: 150px) 100vw, 150px\" \/><\/div><a class=\"wp-block-latest-posts__post-title\" href=\"https:\/\/pinocchio-et-cie.com\/?p=398\">Cong\u00e9s annuels<\/a><time datetime=\"2025-08-13T23:23:03+02:00\" class=\"wp-block-latest-posts__post-date\">13 ao\u00fbt 2025<\/time><div class=\"wp-block-latest-posts__post-excerpt\">La boutique est ferm\u00e9e pour cong\u00e9s annuels \u00e0 partir du 15 Aout 2025. On se retrouve le mardi 2 septembre \u00e0 10h !<\/div><\/li>\n<li><a class=\"wp-block-latest-posts__post-title\" href=\"https:\/\/pinocchio-et-cie.com\/?p=393\">Hors les murs ! Soir\u00e9e jeux le 9 Aout 2025<\/a><time datetime=\"2025-08-06T22:58:46+02:00\" class=\"wp-block-latest-posts__post-date\">6 ao\u00fbt 2025<\/time><div class=\"wp-block-latest-posts__post-excerpt\">Nous avons \u00e9t\u00e9 tr\u00e8s bien accueillis le dimanche 13 juillet ! Alors on recommence, en soir\u00e9e cette fois, le samedi 9 Aout \u00e0 partir de 18 heures en partenariat avec Le Gobelin Farceur. La Grange du Lac- 4 Square du Man\u00e8ge, 61170 Le M\u00eale-sur-Sarthe<\/div><\/li>\n<li><div class=\"wp-block-latest-posts__featured-image alignleft\"><img loading=\"lazy\" decoding=\"async\" width=\"150\" height=\"150\" src=\"https:\/\/pinocchio-et-cie.com\/wp-content\/uploads\/2025\/07\/SoMe_Facebook-Post_1280x1280-150x150.jpg\" class=\"attachment-thumbnail size-thumbnail wp-post-image\" alt=\"\" style=\"max-height:90px;\" srcset=\"https:\/\/pinocchio-et-cie.com\/wp-content\/uploads\/2025\/07\/SoMe_Facebook-Post_1280x1280-150x150.jpg 150w, https:\/\/pinocchio-et-cie.com\/wp-content\/uploads\/2025\/07\/SoMe_Facebook-Post_1280x1280-300x300.jpg 300w, https:\/\/pinocchio-et-cie.com\/wp-content\/uploads\/2025\/07\/SoMe_Facebook-Post_1280x1280-1024x1024.jpg 1024w, https:\/\/pinocchio-et-cie.com\/wp-content\/uploads\/2025\/07\/SoMe_Facebook-Post_1280x1280-768x768.jpg 768w, https:\/\/pinocchio-et-cie.com\/wp-content\/uploads\/2025\/07\/SoMe_Facebook-Post_1280x1280.jpg 1200w\" sizes=\"auto, (max-width: 150px) 100vw, 150px\" \/><\/div><a class=\"wp-block-latest-posts__post-title\" href=\"https:\/\/pinocchio-et-cie.com\/?p=388\">Gandalf le Blanc<\/a><time datetime=\"2025-07-11T15:11:44+02:00\" class=\"wp-block-latest-posts__post-date\">11 juillet 2025<\/time><div class=\"wp-block-latest-posts__post-excerpt\">R\u00e9servez en boutique ou par email votre boite de \u00ab\u00a0Le Seigneur des Anneaux- Le Destin de la communaut\u00e9\u00a0\u00bb et obtenez la figurine exclusive de Gandalf Le Blanc ! Sortie le 25 juillet 2025. Prix TTC 69.90 Euros Dans la limite des stocks disponibles<\/div><\/li>\n<li><div class=\"wp-block-latest-posts__featured-image alignleft\"><img loading=\"lazy\" decoding=\"async\" width=\"150\" height=\"150\" src=\"https:\/\/pinocchio-et-cie.com\/wp-content\/uploads\/2025\/07\/Colore-Illustration-Paysage-Jeux-de-societe-Centre-de-loisirs-Flyer-2-150x150.png\" class=\"attachment-thumbnail size-thumbnail wp-post-image\" alt=\"\" style=\"max-height:90px;\" \/><\/div><a class=\"wp-block-latest-posts__post-title\" href=\"https:\/\/pinocchio-et-cie.com\/?p=382\">Hors les murs ! Journ\u00e9e jeux le 13 juillet 2025<\/a><time datetime=\"2025-07-11T11:59:01+02:00\" class=\"wp-block-latest-posts__post-date\">11 juillet 2025<\/time><div class=\"wp-block-latest-posts__post-excerpt\">Dimanche 13 juillet, la boutique vous propose une journ\u00e9e jeux en plein air en association avec la Grange du Lac et le Gobelin Farceur. La Grange du Lac- 4 Square du Man\u00e8ge, 61170 Le M\u00eale-sur-Sarthe<\/div><\/li>\n<li><div class=\"wp-block-latest-posts__featured-image alignleft\"><img loading=\"lazy\" decoding=\"async\" width=\"150\" height=\"150\" src=\"https:\/\/pinocchio-et-cie.com\/wp-content\/uploads\/2025\/05\/we-mai-25-150x150.png\" class=\"attachment-thumbnail size-thumbnail wp-post-image\" alt=\"\" style=\"max-height:90px;\" srcset=\"https:\/\/pinocchio-et-cie.com\/wp-content\/uploads\/2025\/05\/we-mai-25-150x150.png 150w, https:\/\/pinocchio-et-cie.com\/wp-content\/uploads\/2025\/05\/we-mai-25-300x300.png 300w, https:\/\/pinocchio-et-cie.com\/wp-content\/uploads\/2025\/05\/we-mai-25-1024x1024.png 1024w, https:\/\/pinocchio-et-cie.com\/wp-content\/uploads\/2025\/05\/we-mai-25-768x768.png 768w, https:\/\/pinocchio-et-cie.com\/wp-content\/uploads\/2025\/05\/we-mai-25.png 1080w\" sizes=\"auto, (max-width: 150px) 100vw, 150px\" \/><\/div><a class=\"wp-block-latest-posts__post-title\" href=\"https:\/\/pinocchio-et-cie.com\/?p=363\">Petite Pause du mois de mai !<\/a><time datetime=\"2025-05-03T17:33:24+02:00\" class=\"wp-block-latest-posts__post-date\">3 mai 2025<\/time><div class=\"wp-block-latest-posts__post-excerpt\">Toute l&rsquo;\u00e9quipe fait une petite pause pour recharger les batteries. ! On se retrouve vendredi 9 mai 2025 \u00e0 10 heures. Merci pour votre compr\u00e9hension \ud83d\ude42<\/div><\/li>\n<li><div class=\"wp-block-latest-posts__featured-image alignleft\"><img loading=\"lazy\" decoding=\"async\" width=\"150\" height=\"150\" src=\"https:\/\/pinocchio-et-cie.com\/wp-content\/uploads\/2025\/02\/20250226_145845-150x150.jpg\" class=\"attachment-thumbnail size-thumbnail wp-post-image\" alt=\"\" style=\"max-height:90px;\" \/><\/div><a class=\"wp-block-latest-posts__post-title\" href=\"https:\/\/pinocchio-et-cie.com\/?p=349\">Bottes de pluie MEDUSE<\/a><time datetime=\"2025-02-28T22:28:50+01:00\" class=\"wp-block-latest-posts__post-date\">28 f\u00e9vrier 2025<\/time><div class=\"wp-block-latest-posts__post-excerpt\">Les bottes de pluie Made in France de la c\u00e9l\u00e8bre marque MEDUSE arrivent en boutique aux cot\u00e9s de la gamme des Petits v\u00eatements Moulin Roty. Taille du 21 au 27.<\/div><\/li>\n<li><div class=\"wp-block-latest-posts__featured-image alignleft\"><img loading=\"lazy\" decoding=\"async\" width=\"150\" height=\"150\" src=\"https:\/\/pinocchio-et-cie.com\/wp-content\/uploads\/2025\/02\/20250222_173746-150x150.jpg\" class=\"attachment-thumbnail size-thumbnail wp-post-image\" alt=\"\" style=\"max-height:90px;\" \/><\/div><a class=\"wp-block-latest-posts__post-title\" href=\"https:\/\/pinocchio-et-cie.com\/?p=1\">Bonjour !<\/a><time datetime=\"2025-02-23T15:28:44+01:00\" class=\"wp-block-latest-posts__post-date\">23 f\u00e9vrier 2025<\/time><div class=\"wp-block-latest-posts__post-excerpt\">Bienvenue sur ce nouveau site- F\u00e9vrier 2025<\/div><\/li>\n<\/ul>","protected":false},"excerpt":{"rendered":"","protected":false},"author":1,"featured_media":0,"parent":0,"menu_order":0,"comment_status":"closed","ping_status":"closed","template":"","meta":{"footnotes":""},"class_list":["post-94","page","type-page","status-publish","hentry"],"_links":{"self":[{"href":"https:\/\/pinocchio-et-cie.com\/index.php?rest_route=\/wp\/v2\/pages\/94","targetHints":{"allow":["GET"]}}],"collection":[{"href":"https:\/\/pinocchio-et-cie.com\/index.php?rest_route=\/wp\/v2\/pages"}],"about":[{"href":"https:\/\/pinocchio-et-cie.com\/index.php?rest_route=\/wp\/v2\/types\/page"}],"author":[{"embeddable":true,"href":"https:\/\/pinocchio-et-cie.com\/index.php?rest_route=\/wp\/v2\/users\/1"}],"replies":[{"embeddable":true,"href":"https:\/\/pinocchio-et-cie.com\/index.php?rest_route=%2Fwp%2Fv2%2Fcomments&post=94"}],"version-history":[{"count":10,"href":"https:\/\/pinocchio-et-cie.com\/index.php?rest_route=\/wp\/v2\/pages\/94\/revisions"}],"predecessor-version":[{"id":115,"href":"https:\/\/pinocchio-et-cie.com\/index.php?rest_route=\/wp\/v2\/pages\/94\/revisions\/115"}],"wp:attachment":[{"href":"https:\/\/pinocchio-et-cie.com\/index.php?rest_route=%2Fwp%2Fv2%2Fmedia&parent=94"}],"curies":[{"name":"wp","href":"https:\/\/api.w.org\/{rel}","templated":true}]}}