{"id":231,"date":"2025-02-27T12:50:17","date_gmt":"2025-02-27T11:50:17","guid":{"rendered":"http:\/\/pinoccp.cluster021.hosting.ovh.net\/?page_id=231"},"modified":"2025-02-27T16:32:20","modified_gmt":"2025-02-27T15:32:20","slug":"lhistoire-de-pinocchio","status":"publish","type":"page","link":"https:\/\/pinocchio-et-cie.com\/?page_id=231","title":{"rendered":"L&rsquo;histoire de Pinocchio"},"content":{"rendered":"\n<div class=\"wp-block-columns is-layout-flex wp-container-core-columns-is-layout-9d6595d7 wp-block-columns-is-layout-flex\">\n<div class=\"wp-block-column is-layout-flow wp-block-column-is-layout-flow\" style=\"flex-basis:100%\">\n<div class=\"wp-block-columns has-black-background-color has-background is-layout-flex wp-container-core-columns-is-layout-9d6595d7 wp-block-columns-is-layout-flex\">\n<div class=\"wp-block-column is-layout-flow wp-block-column-is-layout-flow\">\n<div class=\"wp-block-media-text has-media-on-the-right is-stacked-on-mobile\" style=\"grid-template-columns:auto 25%\"><div class=\"wp-block-media-text__content\">\n<p class=\"has-text-align-center has-white-color has-text-color has-link-color wp-elements-66bcf442fe371aa0fbe0defdbba74f63\">Au c\u0153ur du centre historique d\u2019Alen\u00e7on depuis 1982, et \u00e0 quelques enjamb\u00e9es du Pont Neuf, un c\u00e9l\u00e8bre groom au nez t\u00e9lescopique vous ouvre la porte \u2026 C\u2019est le fid\u00e8le gardien d\u2019un refuge f\u00e9\u00e9rique\u00a0: notre boutique vous propose une large gamme de doudous et peluches, loisirs cr\u00e9atifs, jouets d\u2019\u00e9veil ou d\u2019imagination et des jeux de soci\u00e9t\u00e9 de 2 \u00e0 99 ans\u2026 le tout servi par de grandes marques.<br><br>Bonne promenade sur notre site en attendant de vous recevoir en boutique\u00a0: Bienvenue chez Pinocchio &amp; Cie\u00a0!<\/p>\n<\/div><figure class=\"wp-block-media-text__media\"><img loading=\"lazy\" decoding=\"async\" width=\"533\" height=\"1024\" src=\"http:\/\/pinoccp.cluster021.hosting.ovh.net\/wp-content\/uploads\/2025\/02\/PHOTO-1-533x1024.jpg\" alt=\"\" class=\"wp-image-243 size-full\" srcset=\"https:\/\/pinocchio-et-cie.com\/wp-content\/uploads\/2025\/02\/PHOTO-1-533x1024.jpg 533w, https:\/\/pinocchio-et-cie.com\/wp-content\/uploads\/2025\/02\/PHOTO-1-156x300.jpg 156w, https:\/\/pinocchio-et-cie.com\/wp-content\/uploads\/2025\/02\/PHOTO-1-768x1476.jpg 768w, https:\/\/pinocchio-et-cie.com\/wp-content\/uploads\/2025\/02\/PHOTO-1-799x1536.jpg 799w, https:\/\/pinocchio-et-cie.com\/wp-content\/uploads\/2025\/02\/PHOTO-1-1066x2048.jpg 1066w, https:\/\/pinocchio-et-cie.com\/wp-content\/uploads\/2025\/02\/PHOTO-1-scaled.jpg 1332w\" sizes=\"auto, (max-width: 533px) 100vw, 533px\" \/><\/figure><\/div>\n<\/div>\n<\/div>\n<\/div>\n<\/div>\n\n\n\n<div class=\"wp-block-columns is-layout-flex wp-container-core-columns-is-layout-9d6595d7 wp-block-columns-is-layout-flex\">\n<div class=\"wp-block-column is-layout-flow wp-block-column-is-layout-flow\"><\/div>\n\n\n\n<div class=\"wp-block-column is-vertically-aligned-center align-carret is-layout-flow wp-block-column-is-layout-flow\">\n<p class=\"has-text-align-center\">Cadeaux naissance, doudous et peluches, jouets d\u2019\u00e9veil, vous trouverez de quoi dorloter les petits et les \u00e9veiller en douceur.<\/p>\n\n\n\n<i class=\"fa-solid fa-caret-down\"><\/i>\n<\/div>\n\n\n\n<div class=\"wp-block-column is-layout-flow wp-block-column-is-layout-flow\"><\/div>\n<\/div>\n\n\n\n<figure class=\"wp-block-gallery has-nested-images columns-default is-cropped has-black-background-color has-background wp-block-gallery-1 is-layout-flex wp-block-gallery-is-layout-flex\">\n<figure class=\"wp-block-image size-large\"><img loading=\"lazy\" decoding=\"async\" width=\"1024\" height=\"576\" data-id=\"258\" src=\"http:\/\/pinoccp.cluster021.hosting.ovh.net\/wp-content\/uploads\/2025\/02\/PHOTO-2-1024x576.jpg\" alt=\"\" class=\"wp-image-258\" srcset=\"https:\/\/pinocchio-et-cie.com\/wp-content\/uploads\/2025\/02\/PHOTO-2-1024x576.jpg 1024w, https:\/\/pinocchio-et-cie.com\/wp-content\/uploads\/2025\/02\/PHOTO-2-300x169.jpg 300w, https:\/\/pinocchio-et-cie.com\/wp-content\/uploads\/2025\/02\/PHOTO-2-768x432.jpg 768w, https:\/\/pinocchio-et-cie.com\/wp-content\/uploads\/2025\/02\/PHOTO-2-1536x864.jpg 1536w, https:\/\/pinocchio-et-cie.com\/wp-content\/uploads\/2025\/02\/PHOTO-2-2048x1153.jpg 2048w\" sizes=\"auto, (max-width: 1024px) 100vw, 1024px\" \/><\/figure>\n\n\n\n<figure class=\"wp-block-image size-large\"><img loading=\"lazy\" decoding=\"async\" width=\"1024\" height=\"576\" data-id=\"259\" src=\"http:\/\/pinoccp.cluster021.hosting.ovh.net\/wp-content\/uploads\/2025\/02\/PHOTO-3-1024x576.jpg\" alt=\"\" class=\"wp-image-259\" srcset=\"https:\/\/pinocchio-et-cie.com\/wp-content\/uploads\/2025\/02\/PHOTO-3-1024x576.jpg 1024w, https:\/\/pinocchio-et-cie.com\/wp-content\/uploads\/2025\/02\/PHOTO-3-300x169.jpg 300w, https:\/\/pinocchio-et-cie.com\/wp-content\/uploads\/2025\/02\/PHOTO-3-768x432.jpg 768w, https:\/\/pinocchio-et-cie.com\/wp-content\/uploads\/2025\/02\/PHOTO-3-1536x864.jpg 1536w, https:\/\/pinocchio-et-cie.com\/wp-content\/uploads\/2025\/02\/PHOTO-3-2048x1153.jpg 2048w\" sizes=\"auto, (max-width: 1024px) 100vw, 1024px\" \/><\/figure>\n<\/figure>\n\n\n\n<div class=\"wp-block-columns is-layout-flex wp-container-core-columns-is-layout-9d6595d7 wp-block-columns-is-layout-flex\">\n<div class=\"wp-block-column is-layout-flow wp-block-column-is-layout-flow\" style=\"flex-basis:25%\"><\/div>\n\n\n\n<div class=\"wp-block-column align-carret is-layout-flow wp-block-column-is-layout-flow\" style=\"flex-basis:50%\">\n<p class=\"has-text-align-center\">Pour imaginer, inventer, construire, exercer ses talents d\u2019artiste en herbe, chaque rayon offre une s\u00e9lection de jouets adapt\u00e9s \u00e0 chaque \u00e2ge.<\/p>\n\n\n\n<i class=\"fa-solid fa-caret-down\"><\/i>\n<\/div>\n\n\n\n<div class=\"wp-block-column is-layout-flow wp-block-column-is-layout-flow\" style=\"flex-basis:25%\"><\/div>\n<\/div>\n\n\n\n<figure class=\"wp-block-gallery has-nested-images columns-default is-cropped has-black-background-color has-background wp-block-gallery-2 is-layout-flex wp-block-gallery-is-layout-flex\">\n<figure class=\"wp-block-image size-large\"><img loading=\"lazy\" decoding=\"async\" width=\"1024\" height=\"576\" data-id=\"281\" src=\"http:\/\/pinoccp.cluster021.hosting.ovh.net\/wp-content\/uploads\/2025\/02\/PHOTO-5-1-1024x576.jpg\" alt=\"\" class=\"wp-image-281\" srcset=\"https:\/\/pinocchio-et-cie.com\/wp-content\/uploads\/2025\/02\/PHOTO-5-1-1024x576.jpg 1024w, https:\/\/pinocchio-et-cie.com\/wp-content\/uploads\/2025\/02\/PHOTO-5-1-300x169.jpg 300w, https:\/\/pinocchio-et-cie.com\/wp-content\/uploads\/2025\/02\/PHOTO-5-1-768x432.jpg 768w, https:\/\/pinocchio-et-cie.com\/wp-content\/uploads\/2025\/02\/PHOTO-5-1-1536x864.jpg 1536w, https:\/\/pinocchio-et-cie.com\/wp-content\/uploads\/2025\/02\/PHOTO-5-1-2048x1153.jpg 2048w\" sizes=\"auto, (max-width: 1024px) 100vw, 1024px\" \/><\/figure>\n\n\n\n<figure class=\"wp-block-image size-large\"><img loading=\"lazy\" decoding=\"async\" width=\"576\" height=\"1024\" data-id=\"298\" src=\"http:\/\/pinoccp.cluster021.hosting.ovh.net\/wp-content\/uploads\/2025\/02\/PHOTO-7-576x1024.jpg\" alt=\"\" class=\"wp-image-298\" srcset=\"https:\/\/pinocchio-et-cie.com\/wp-content\/uploads\/2025\/02\/PHOTO-7-576x1024.jpg 576w, https:\/\/pinocchio-et-cie.com\/wp-content\/uploads\/2025\/02\/PHOTO-7-169x300.jpg 169w, https:\/\/pinocchio-et-cie.com\/wp-content\/uploads\/2025\/02\/PHOTO-7-768x1365.jpg 768w, https:\/\/pinocchio-et-cie.com\/wp-content\/uploads\/2025\/02\/PHOTO-7-864x1536.jpg 864w, https:\/\/pinocchio-et-cie.com\/wp-content\/uploads\/2025\/02\/PHOTO-7-1153x2048.jpg 1153w, https:\/\/pinocchio-et-cie.com\/wp-content\/uploads\/2025\/02\/PHOTO-7-scaled.jpg 1441w\" sizes=\"auto, (max-width: 576px) 100vw, 576px\" \/><\/figure>\n\n\n\n<figure class=\"wp-block-image size-large\"><img loading=\"lazy\" decoding=\"async\" width=\"1024\" height=\"576\" data-id=\"282\" src=\"http:\/\/pinoccp.cluster021.hosting.ovh.net\/wp-content\/uploads\/2025\/02\/PHOTO-6-1-1024x576.jpg\" alt=\"\" class=\"wp-image-282\" srcset=\"https:\/\/pinocchio-et-cie.com\/wp-content\/uploads\/2025\/02\/PHOTO-6-1-1024x576.jpg 1024w, https:\/\/pinocchio-et-cie.com\/wp-content\/uploads\/2025\/02\/PHOTO-6-1-300x169.jpg 300w, https:\/\/pinocchio-et-cie.com\/wp-content\/uploads\/2025\/02\/PHOTO-6-1-768x432.jpg 768w, https:\/\/pinocchio-et-cie.com\/wp-content\/uploads\/2025\/02\/PHOTO-6-1-1536x864.jpg 1536w, https:\/\/pinocchio-et-cie.com\/wp-content\/uploads\/2025\/02\/PHOTO-6-1-2048x1153.jpg 2048w\" sizes=\"auto, (max-width: 1024px) 100vw, 1024px\" \/><\/figure>\n\n\n\n<figure class=\"wp-block-image size-large\"><img loading=\"lazy\" decoding=\"async\" width=\"1024\" height=\"576\" data-id=\"280\" src=\"http:\/\/pinoccp.cluster021.hosting.ovh.net\/wp-content\/uploads\/2025\/02\/PHOTO-4-1-1024x576.jpg\" alt=\"\" class=\"wp-image-280\" srcset=\"https:\/\/pinocchio-et-cie.com\/wp-content\/uploads\/2025\/02\/PHOTO-4-1-1024x576.jpg 1024w, https:\/\/pinocchio-et-cie.com\/wp-content\/uploads\/2025\/02\/PHOTO-4-1-300x169.jpg 300w, https:\/\/pinocchio-et-cie.com\/wp-content\/uploads\/2025\/02\/PHOTO-4-1-768x432.jpg 768w, https:\/\/pinocchio-et-cie.com\/wp-content\/uploads\/2025\/02\/PHOTO-4-1-1536x864.jpg 1536w, https:\/\/pinocchio-et-cie.com\/wp-content\/uploads\/2025\/02\/PHOTO-4-1-2048x1153.jpg 2048w\" sizes=\"auto, (max-width: 1024px) 100vw, 1024px\" \/><\/figure>\n<\/figure>\n\n\n\n<div class=\"wp-block-columns is-layout-flex wp-container-core-columns-is-layout-9d6595d7 wp-block-columns-is-layout-flex\">\n<div class=\"wp-block-column is-layout-flow wp-block-column-is-layout-flow\" style=\"flex-basis:25%\"><\/div>\n\n\n\n<div class=\"wp-block-column align-carret is-layout-flow wp-block-column-is-layout-flow\" style=\"flex-basis:50%\">\n<p class=\"has-text-align-center\">Pour les joueurs, quel que soit votre \u00e2ge, notre sp\u00e9cialiste passionn\u00e9 vous conseille afin de satisfaire vos envies qu\u2019il s\u2019agisse de jeux traditionnels, jeux de soci\u00e9t\u00e9, jeux de r\u00f4le, JCE et casse-t\u00eates ou puzzles adultes.<\/p>\n\n\n\n<i class=\"fa-solid fa-caret-down\"><\/i>\n<\/div>\n\n\n\n<div class=\"wp-block-column is-layout-flow wp-block-column-is-layout-flow\" style=\"flex-basis:25%\"><\/div>\n<\/div>\n\n\n\n<figure class=\"wp-block-gallery has-nested-images columns-default is-cropped has-black-background-color has-background wp-block-gallery-3 is-layout-flex wp-block-gallery-is-layout-flex\">\n<figure class=\"wp-block-image size-large\"><img loading=\"lazy\" decoding=\"async\" width=\"1024\" height=\"576\" data-id=\"303\" src=\"http:\/\/pinoccp.cluster021.hosting.ovh.net\/wp-content\/uploads\/2025\/02\/PHOTO-8-1024x576.jpg\" alt=\"\" class=\"wp-image-303\" srcset=\"https:\/\/pinocchio-et-cie.com\/wp-content\/uploads\/2025\/02\/PHOTO-8-1024x576.jpg 1024w, https:\/\/pinocchio-et-cie.com\/wp-content\/uploads\/2025\/02\/PHOTO-8-300x169.jpg 300w, https:\/\/pinocchio-et-cie.com\/wp-content\/uploads\/2025\/02\/PHOTO-8-768x432.jpg 768w, https:\/\/pinocchio-et-cie.com\/wp-content\/uploads\/2025\/02\/PHOTO-8-1536x864.jpg 1536w, https:\/\/pinocchio-et-cie.com\/wp-content\/uploads\/2025\/02\/PHOTO-8-2048x1153.jpg 2048w\" sizes=\"auto, (max-width: 1024px) 100vw, 1024px\" \/><\/figure>\n\n\n\n<figure class=\"wp-block-image size-large\"><img loading=\"lazy\" decoding=\"async\" width=\"1024\" height=\"576\" data-id=\"302\" src=\"http:\/\/pinoccp.cluster021.hosting.ovh.net\/wp-content\/uploads\/2025\/02\/PHOTO-9-1024x576.jpg\" alt=\"\" class=\"wp-image-302\" srcset=\"https:\/\/pinocchio-et-cie.com\/wp-content\/uploads\/2025\/02\/PHOTO-9-1024x576.jpg 1024w, https:\/\/pinocchio-et-cie.com\/wp-content\/uploads\/2025\/02\/PHOTO-9-300x169.jpg 300w, https:\/\/pinocchio-et-cie.com\/wp-content\/uploads\/2025\/02\/PHOTO-9-768x432.jpg 768w, https:\/\/pinocchio-et-cie.com\/wp-content\/uploads\/2025\/02\/PHOTO-9-1536x864.jpg 1536w, https:\/\/pinocchio-et-cie.com\/wp-content\/uploads\/2025\/02\/PHOTO-9-2048x1153.jpg 2048w\" sizes=\"auto, (max-width: 1024px) 100vw, 1024px\" \/><\/figure>\n\n\n\n<figure class=\"wp-block-image size-large\"><img loading=\"lazy\" decoding=\"async\" width=\"1024\" height=\"576\" data-id=\"301\" src=\"http:\/\/pinoccp.cluster021.hosting.ovh.net\/wp-content\/uploads\/2025\/02\/PHOTO-10-1024x576.jpg\" alt=\"\" class=\"wp-image-301\" srcset=\"https:\/\/pinocchio-et-cie.com\/wp-content\/uploads\/2025\/02\/PHOTO-10-1024x576.jpg 1024w, https:\/\/pinocchio-et-cie.com\/wp-content\/uploads\/2025\/02\/PHOTO-10-300x169.jpg 300w, https:\/\/pinocchio-et-cie.com\/wp-content\/uploads\/2025\/02\/PHOTO-10-768x432.jpg 768w, https:\/\/pinocchio-et-cie.com\/wp-content\/uploads\/2025\/02\/PHOTO-10-1536x864.jpg 1536w, https:\/\/pinocchio-et-cie.com\/wp-content\/uploads\/2025\/02\/PHOTO-10-2048x1153.jpg 2048w\" sizes=\"auto, (max-width: 1024px) 100vw, 1024px\" \/><\/figure>\n<\/figure>\n\n\n\n<div class=\"wp-block-columns is-layout-flex wp-container-core-columns-is-layout-9d6595d7 wp-block-columns-is-layout-flex\">\n<div class=\"wp-block-column is-layout-flow wp-block-column-is-layout-flow\" style=\"flex-basis:25%\">\n<p><\/p>\n<\/div>\n\n\n\n<div class=\"wp-block-column is-layout-flow wp-block-column-is-layout-flow\" style=\"flex-basis:50%\">\n<p class=\"has-text-align-center\">Besoin pr\u00e9cis ou en panne d\u2019id\u00e9e, toute l\u2019\u00e9quipe est \u00e0 votre disposition pour vous conseiller&nbsp;!<\/p>\n\n\n\n<p class=\"has-text-align-center\">N\u2019h\u00e9sitez pas \u00e0 faire un d\u00e9tour par le 14 rue du Pont Neuf, l\u2019entr\u00e9e est libre&nbsp;!<\/p>\n<\/div>\n\n\n\n<div class=\"wp-block-column is-layout-flow wp-block-column-is-layout-flow\" style=\"flex-basis:25%\"><\/div>\n<\/div>\n","protected":false},"excerpt":{"rendered":"<p>Au c\u0153ur du centre historique d\u2019Alen\u00e7on depuis 1982, et \u00e0 quelques enjamb\u00e9es du Pont Neuf, un c\u00e9l\u00e8bre groom au nez t\u00e9lescopique vous ouvre la porte \u2026 C\u2019est le fid\u00e8le gardien d\u2019un refuge f\u00e9\u00e9rique\u00a0: notre boutique vous propose une large gamme de doudous et peluches, loisirs cr\u00e9atifs, jouets d\u2019\u00e9veil ou d\u2019imagination et des jeux de soci\u00e9t\u00e9 [&hellip;]<\/p>\n","protected":false},"author":1,"featured_media":0,"parent":0,"menu_order":0,"comment_status":"closed","ping_status":"closed","template":"","meta":{"footnotes":""},"class_list":["post-231","page","type-page","status-publish","hentry"],"_links":{"self":[{"href":"https:\/\/pinocchio-et-cie.com\/index.php?rest_route=\/wp\/v2\/pages\/231","targetHints":{"allow":["GET"]}}],"collection":[{"href":"https:\/\/pinocchio-et-cie.com\/index.php?rest_route=\/wp\/v2\/pages"}],"about":[{"href":"https:\/\/pinocchio-et-cie.com\/index.php?rest_route=\/wp\/v2\/types\/page"}],"author":[{"embeddable":true,"href":"https:\/\/pinocchio-et-cie.com\/index.php?rest_route=\/wp\/v2\/users\/1"}],"replies":[{"embeddable":true,"href":"https:\/\/pinocchio-et-cie.com\/index.php?rest_route=%2Fwp%2Fv2%2Fcomments&post=231"}],"version-history":[{"count":56,"href":"https:\/\/pinocchio-et-cie.com\/index.php?rest_route=\/wp\/v2\/pages\/231\/revisions"}],"predecessor-version":[{"id":335,"href":"https:\/\/pinocchio-et-cie.com\/index.php?rest_route=\/wp\/v2\/pages\/231\/revisions\/335"}],"wp:attachment":[{"href":"https:\/\/pinocchio-et-cie.com\/index.php?rest_route=%2Fwp%2Fv2%2Fmedia&parent=231"}],"curies":[{"name":"wp","href":"https:\/\/api.w.org\/{rel}","templated":true}]}}